{"id":12893,"date":"2025-12-16T10:05:29","date_gmt":"2025-12-16T10:05:29","guid":{"rendered":"https:\/\/komisgastronomia.pl\/informationen\/"},"modified":"2026-03-12T10:24:09","modified_gmt":"2026-03-12T10:24:09","slug":"informationen","status":"publish","type":"page","link":"https:\/\/komisgastronomia.pl\/de\/informationen\/","title":{"rendered":"Informationen"},"content":{"rendered":"\n<p><strong>1. Liefermethoden<\/strong><br\/>Der Shop verkauft ausschlie\u00dflich im B2B-Bereich.<br\/>Aufgrund der Gr\u00f6\u00dfe und der Art der Gastronomieger\u00e4te werden die Lieferbedingungen nach der Bestellung individuell mit dem Kunden vereinbart.<br\/><br\/>Die Lieferung kann erfolgen durch:<br\/>\u2013 pers\u00f6nliche Abholung am Sitz des Verk\u00e4ufers,<br\/>\u2013 eigenen Transport des Verk\u00e4ufers,<br\/>\u2013 externen Transport (z. B. GlobKurier, InPost oder andere Transportunternehmen).<br\/>Die Lieferzeit betr\u00e4gt 7 bis 14 Werktage, sofern die Parteien nichts anderes vereinbaren.<br\/><br\/>Logistikpartner:<\/p>\n\n<figure class=\"wp-block-image size-full\"><img loading=\"lazy\" decoding=\"async\" width=\"76\" height=\"46\" src=\"https:\/\/komisgastronomia.pl\/wp-content\/uploads\/2025\/09\/inpost-logo-white.png\" alt=\"\" class=\"wp-image-183\"\/><\/figure>\n\n<p><strong>2. Zahlungsmethoden<\/strong><br\/>Im Shop verf\u00fcgbare Zahlungsarten:<br\/>&#8211; elektronische Zahlungen \u00fcber das System Przelewy24 (PayPro S.A.).<br\/>Die Zahlungsbedingungen k\u00f6nnen individuell mit dem Kunden vereinbart werden.<br\/><br\/>Logistikpartner:<br\/><\/p>\n\n<figure class=\"wp-block-image size-full is-resized\"><img loading=\"lazy\" decoding=\"async\" width=\"1000\" height=\"350\" src=\"https:\/\/komisgastronomia.pl\/wp-content\/uploads\/2025\/09\/88417979d88a952036ece2a91ae5098ff4ce0ef3.png\" alt=\"\" class=\"wp-image-186\" style=\"width:150px\" srcset=\"https:\/\/komisgastronomia.pl\/wp-content\/uploads\/2025\/09\/88417979d88a952036ece2a91ae5098ff4ce0ef3.png 1000w, https:\/\/komisgastronomia.pl\/wp-content\/uploads\/2025\/09\/88417979d88a952036ece2a91ae5098ff4ce0ef3-300x105.png 300w, https:\/\/komisgastronomia.pl\/wp-content\/uploads\/2025\/09\/88417979d88a952036ece2a91ae5098ff4ce0ef3-768x269.png 768w, https:\/\/komisgastronomia.pl\/wp-content\/uploads\/2025\/09\/88417979d88a952036ece2a91ae5098ff4ce0ef3-600x210.png 600w\" sizes=\"auto, (max-width: 1000px) 100vw, 1000px\" \/><\/figure>\n\n<p><strong>3. R\u00fcckgaben<\/strong><\/p>\n\n<p>Der Shop verkauft ausschlie\u00dflich an Unternehmer (B2B).<br\/>Aufgrund des Kommissionscharakters des Angebots und des B2B-Verkaufs werden<strong> R\u00fcckgaben gekaufter Produkte nicht akzeptiert.<\/strong><br\/>Die Verantwortung f\u00fcr die Auswahl des Produkts liegt beim Kunden.<\/p>\n","protected":false},"excerpt":{"rendered":"<p>1. LiefermethodenDer Shop verkauft ausschlie\u00dflich im B2B-Bereich.Aufgrund der Gr\u00f6\u00dfe und der Art der Gastronomieger\u00e4te werden die Lieferbedingungen nach der Bestellung individuell mit dem Kunden vereinbart. Die Lieferung kann erfolgen durch:\u2013 pers\u00f6nliche Abholung am Sitz des Verk\u00e4ufers,\u2013 eigenen Transport des Verk\u00e4ufers,\u2013 externen Transport (z. B. GlobKurier, InPost oder andere Transportunternehmen).Die Lieferzeit betr\u00e4gt 7 bis 14 Werktage, [&hellip;]<\/p>\n","protected":false},"author":1,"featured_media":0,"parent":0,"menu_order":0,"comment_status":"closed","ping_status":"closed","template":"","meta":{"footnotes":""},"class_list":["post-12893","page","type-page","status-publish","hentry"],"_links":{"self":[{"href":"https:\/\/komisgastronomia.pl\/de\/wp-json\/wp\/v2\/pages\/12893","targetHints":{"allow":["GET"]}}],"collection":[{"href":"https:\/\/komisgastronomia.pl\/de\/wp-json\/wp\/v2\/pages"}],"about":[{"href":"https:\/\/komisgastronomia.pl\/de\/wp-json\/wp\/v2\/types\/page"}],"author":[{"embeddable":true,"href":"https:\/\/komisgastronomia.pl\/de\/wp-json\/wp\/v2\/users\/1"}],"replies":[{"embeddable":true,"href":"https:\/\/komisgastronomia.pl\/de\/wp-json\/wp\/v2\/comments?post=12893"}],"version-history":[{"count":1,"href":"https:\/\/komisgastronomia.pl\/de\/wp-json\/wp\/v2\/pages\/12893\/revisions"}],"predecessor-version":[{"id":12894,"href":"https:\/\/komisgastronomia.pl\/de\/wp-json\/wp\/v2\/pages\/12893\/revisions\/12894"}],"wp:attachment":[{"href":"https:\/\/komisgastronomia.pl\/de\/wp-json\/wp\/v2\/media?parent=12893"}],"curies":[{"name":"wp","href":"https:\/\/api.w.org\/{rel}","templated":true}]}}